{"id":756,"date":"2022-04-12T22:12:13","date_gmt":"2022-04-12T22:12:13","guid":{"rendered":"https:\/\/saludat.net\/index.php\/product\/album\/"},"modified":"2024-01-18T23:29:37","modified_gmt":"2024-01-18T23:29:37","slug":"nutrialimentacion","status":"publish","type":"product","link":"https:\/\/saludat.net\/index.php\/producto\/nutrialimentacion\/","title":{"rendered":"Curso Nutrialimentaci\u00f3n"},"content":{"rendered":"<p>La metodolog\u00eda consiste presentar microc\u00e1psulas de informaci\u00f3n con conceptos b\u00e1sicos presentados de forma simple con herramientas que te permitan comprender la informaci\u00f3n e\u00a0 implementar cambios reales\u00a0 que puedes hacer paso a paso ya tu propio ritmo.<\/p>\n<p>Durante esta etapa buscamos comprender los siguientes temas:<\/p>\n<ol>\n<li>Los Macronutrientes<\/li>\n<li>Los Micronutrientes<\/li>\n<li>Como Elegir Bien tus Productos<\/li>\n<li>Como preparar algunos Alimentos<\/li>\n<li>Comprender los Ingredientes y las Etiquetas en los Alimentos<\/li>\n<li>Limpiando tu Despensa<\/li>\n<li>Hidrataci\u00f3n y Electrolitos<\/li>\n<li>Estilo de Vida, Movimiento y Actividad F\u00edsica<\/li>\n<\/ol>\n<p>&nbsp;<\/p>\n<p>Al final de cada micro informaci\u00f3n, encontraras un anexo con material de referencia y una herramienta para aplicar de forma pr\u00e1ctica el material presentado.<\/p>\n<p>NutriAlimentaci\u00f3n, no busca diagnosticar ni sustituir la atenci\u00f3n y consejo de tu profesional de salud de confianza, por el contrario, el objetivo es apoyar con informaci\u00f3n y pr\u00e1cticas esos procesos y recomendaciones de bienestar a trav\u00e9s de la alimentaci\u00f3n basada en alimentos naturales y de alto valor nutricional. \u00a0\u00a0Esperamos que la informaci\u00f3n brindada te pueda servir de gu\u00eda para un buen comienzo y apoyo a tus necesidades particulares de acuerdo con tu Bio individualidad.<\/p>\n<p>&nbsp;<\/p>\n<h3>Declaraci\u00f3n Legal<\/h3>\n<p style=\"font-weight: 400; text-align: left;\">\u201cLas informaciones contenidas en\u00a0<strong>este curso<\/strong>\u00a0NutriAlimentacion, se publican \u00fanicamente con fines informativos y no pueden ser consideradas como recomendaciones m\u00e9dicas personalizadas. No debe seguirse ning\u00fan tratamiento bas\u00e1ndose \u00fanicamente este contenido, y se recomienda al lector que, para cualquier asunto relacionado con su salud y bienestar, consulte con profesionales de la salud debidamente acreditados. El editor de este espacio no practica la medicina bajo ning\u00fan t\u00edtulo, ni ninguna otra profesi\u00f3n terap\u00e9utica y en ning\u00fan caso mantendr\u00e1 una relaci\u00f3n m\u00e9dico &#8211; paciente con sus lectores.<\/p>\n<p style=\"font-weight: 400; text-align: left;\">Salud AT no es responsable de la eficacia ni del uso correcto de la informaci\u00f3n que usted recibe a trav\u00e9s de nuestro sitio, ni de los problemas de salud que puedan resultar de programas de formaci\u00f3n, productos o eventos de los que pueda tener conocimiento a trav\u00e9s de este sitio web. El editor no es responsable de los eventuales errores u omisiones. Ninguna de las informaciones mencionados en est\u00e1n destinados a diagnosticar, tratar, aliviar o curar ninguna enfermedad. Ni la empresa editora ni los autores se hacen responsables de los da\u00f1os y perjuicios que la informaci\u00f3n contenida en este Informe pueda causar a quienes act\u00faen o dejen de actuar conforme a ella\u201d<\/p>\n","protected":false},"excerpt":{"rendered":"<p>NutriAlimentacion es la primera parte de una propuesta que busca proporcionar informaci\u00f3n y herramientas b\u00e1sicas que le permitan al participante dar una mirada a su alimentaci\u00f3n, la relaci\u00f3n consigo mismo a trav\u00e9s de los alimentos y explorar su estado de salud y bienestar introduciendo los cambios que su bio-individualidad requiera.<\/p>\n","protected":false},"featured_media":3735,"comment_status":"open","ping_status":"closed","template":"","meta":[],"product_brand":[],"product_cat":[22,24],"product_tag":[],"class_list":{"0":"post-756","1":"product","2":"type-product","3":"status-publish","4":"has-post-thumbnail","6":"product_cat-cursos-online","7":"product_cat-salud","9":"first","10":"instock","11":"featured","12":"downloadable","13":"virtual","14":"sold-individually","15":"purchasable","16":"product-type-simple"},"yoast_head":"<!-- This site is optimized with the Yoast SEO plugin v27.4 - https:\/\/yoast.com\/product\/yoast-seo-wordpress\/ -->\n<title>Curso Nutrialimentaci\u00f3n - SaludAT<\/title>\n<meta name=\"robots\" content=\"index, follow, max-snippet:-1, max-image-preview:large, max-video-preview:-1\" \/>\n<link rel=\"canonical\" href=\"https:\/\/saludat.net\/index.php\/producto\/nutrialimentacion\/\" \/>\n<meta property=\"og:locale\" content=\"es_ES\" \/>\n<meta property=\"og:type\" content=\"article\" \/>\n<meta property=\"og:title\" content=\"Curso Nutrialimentaci\u00f3n - SaludAT\" \/>\n<meta property=\"og:description\" content=\"NutriAlimentacion es la primera parte de una propuesta que busca proporcionar informaci\u00f3n y herramientas b\u00e1sicas que le permitan al participante dar una mirada a su alimentaci\u00f3n, la relaci\u00f3n consigo mismo a trav\u00e9s de los alimentos y explorar su estado de salud y bienestar introduciendo los cambios que su bio-individualidad requiera.\" \/>\n<meta property=\"og:url\" content=\"https:\/\/saludat.net\/index.php\/producto\/nutrialimentacion\/\" \/>\n<meta property=\"og:site_name\" content=\"SaludAT\" \/>\n<meta property=\"article:modified_time\" content=\"2024-01-18T23:29:37+00:00\" \/>\n<meta property=\"og:image\" content=\"http:\/\/saludat.net\/wp-content\/uploads\/2022\/12\/Mesa-de-trabajo-1-1-1024x1024.png\" \/>\n\t<meta property=\"og:image:width\" content=\"1024\" \/>\n\t<meta property=\"og:image:height\" content=\"1024\" \/>\n\t<meta property=\"og:image:type\" content=\"image\/png\" \/>\n<meta name=\"twitter:card\" content=\"summary_large_image\" \/>\n<meta name=\"twitter:label1\" content=\"Tiempo de lectura\" \/>\n\t<meta name=\"twitter:data1\" content=\"2 minutos\" \/>\n<script type=\"application\/ld+json\" class=\"yoast-schema-graph\">{\"@context\":\"https:\\\/\\\/schema.org\",\"@graph\":[{\"@type\":\"WebPage\",\"@id\":\"https:\\\/\\\/saludat.net\\\/index.php\\\/producto\\\/nutrialimentacion\\\/\",\"url\":\"https:\\\/\\\/saludat.net\\\/index.php\\\/producto\\\/nutrialimentacion\\\/\",\"name\":\"Curso Nutrialimentaci\u00f3n - SaludAT\",\"isPartOf\":{\"@id\":\"https:\\\/\\\/saludat.net\\\/#website\"},\"primaryImageOfPage\":{\"@id\":\"https:\\\/\\\/saludat.net\\\/index.php\\\/producto\\\/nutrialimentacion\\\/#primaryimage\"},\"image\":{\"@id\":\"https:\\\/\\\/saludat.net\\\/index.php\\\/producto\\\/nutrialimentacion\\\/#primaryimage\"},\"thumbnailUrl\":\"https:\\\/\\\/saludat.net\\\/wp-content\\\/uploads\\\/2022\\\/12\\\/Mesa-de-trabajo-1-1.png\",\"datePublished\":\"2022-04-12T22:12:13+00:00\",\"dateModified\":\"2024-01-18T23:29:37+00:00\",\"breadcrumb\":{\"@id\":\"https:\\\/\\\/saludat.net\\\/index.php\\\/producto\\\/nutrialimentacion\\\/#breadcrumb\"},\"inLanguage\":\"es-CO\",\"potentialAction\":[{\"@type\":\"ReadAction\",\"target\":[\"https:\\\/\\\/saludat.net\\\/index.php\\\/producto\\\/nutrialimentacion\\\/\"]}]},{\"@type\":\"ImageObject\",\"inLanguage\":\"es-CO\",\"@id\":\"https:\\\/\\\/saludat.net\\\/index.php\\\/producto\\\/nutrialimentacion\\\/#primaryimage\",\"url\":\"https:\\\/\\\/saludat.net\\\/wp-content\\\/uploads\\\/2022\\\/12\\\/Mesa-de-trabajo-1-1.png\",\"contentUrl\":\"https:\\\/\\\/saludat.net\\\/wp-content\\\/uploads\\\/2022\\\/12\\\/Mesa-de-trabajo-1-1.png\",\"width\":1920,\"height\":1920},{\"@type\":\"BreadcrumbList\",\"@id\":\"https:\\\/\\\/saludat.net\\\/index.php\\\/producto\\\/nutrialimentacion\\\/#breadcrumb\",\"itemListElement\":[{\"@type\":\"ListItem\",\"position\":1,\"name\":\"Home\",\"item\":\"https:\\\/\\\/saludat.net\\\/\"},{\"@type\":\"ListItem\",\"position\":2,\"name\":\"Products\",\"item\":\"https:\\\/\\\/saludat.net\\\/index.php\\\/shop\\\/\"},{\"@type\":\"ListItem\",\"position\":3,\"name\":\"Curso Nutrialimentaci\u00f3n\"}]},{\"@type\":\"WebSite\",\"@id\":\"https:\\\/\\\/saludat.net\\\/#website\",\"url\":\"https:\\\/\\\/saludat.net\\\/\",\"name\":\"SaludAT\",\"description\":\"Nutrici\u00f3n Holistica \",\"publisher\":{\"@id\":\"https:\\\/\\\/saludat.net\\\/#organization\"},\"potentialAction\":[{\"@type\":\"SearchAction\",\"target\":{\"@type\":\"EntryPoint\",\"urlTemplate\":\"https:\\\/\\\/saludat.net\\\/?s={search_term_string}\"},\"query-input\":{\"@type\":\"PropertyValueSpecification\",\"valueRequired\":true,\"valueName\":\"search_term_string\"}}],\"inLanguage\":\"es-CO\"},{\"@type\":\"Organization\",\"@id\":\"https:\\\/\\\/saludat.net\\\/#organization\",\"name\":\"SaludAT\",\"url\":\"https:\\\/\\\/saludat.net\\\/\",\"logo\":{\"@type\":\"ImageObject\",\"inLanguage\":\"es-CO\",\"@id\":\"https:\\\/\\\/saludat.net\\\/#\\\/schema\\\/logo\\\/image\\\/\",\"url\":\"https:\\\/\\\/saludat.net\\\/wp-content\\\/uploads\\\/2025\\\/02\\\/cropped-sIMBOLO.png\",\"contentUrl\":\"https:\\\/\\\/saludat.net\\\/wp-content\\\/uploads\\\/2025\\\/02\\\/cropped-sIMBOLO.png\",\"width\":889,\"height\":1001,\"caption\":\"SaludAT\"},\"image\":{\"@id\":\"https:\\\/\\\/saludat.net\\\/#\\\/schema\\\/logo\\\/image\\\/\"}}]}<\/script>\n<!-- \/ Yoast SEO plugin. -->","yoast_head_json":{"title":"Curso Nutrialimentaci\u00f3n - SaludAT","robots":{"index":"index","follow":"follow","max-snippet":"max-snippet:-1","max-image-preview":"max-image-preview:large","max-video-preview":"max-video-preview:-1"},"canonical":"https:\/\/saludat.net\/index.php\/producto\/nutrialimentacion\/","og_locale":"es_ES","og_type":"article","og_title":"Curso Nutrialimentaci\u00f3n - SaludAT","og_description":"NutriAlimentacion es la primera parte de una propuesta que busca proporcionar informaci\u00f3n y herramientas b\u00e1sicas que le permitan al participante dar una mirada a su alimentaci\u00f3n, la relaci\u00f3n consigo mismo a trav\u00e9s de los alimentos y explorar su estado de salud y bienestar introduciendo los cambios que su bio-individualidad requiera.","og_url":"https:\/\/saludat.net\/index.php\/producto\/nutrialimentacion\/","og_site_name":"SaludAT","article_modified_time":"2024-01-18T23:29:37+00:00","og_image":[{"width":1024,"height":1024,"url":"http:\/\/saludat.net\/wp-content\/uploads\/2022\/12\/Mesa-de-trabajo-1-1-1024x1024.png","type":"image\/png"}],"twitter_card":"summary_large_image","twitter_misc":{"Tiempo de lectura":"2 minutos"},"schema":{"@context":"https:\/\/schema.org","@graph":[{"@type":"WebPage","@id":"https:\/\/saludat.net\/index.php\/producto\/nutrialimentacion\/","url":"https:\/\/saludat.net\/index.php\/producto\/nutrialimentacion\/","name":"Curso Nutrialimentaci\u00f3n - SaludAT","isPartOf":{"@id":"https:\/\/saludat.net\/#website"},"primaryImageOfPage":{"@id":"https:\/\/saludat.net\/index.php\/producto\/nutrialimentacion\/#primaryimage"},"image":{"@id":"https:\/\/saludat.net\/index.php\/producto\/nutrialimentacion\/#primaryimage"},"thumbnailUrl":"https:\/\/saludat.net\/wp-content\/uploads\/2022\/12\/Mesa-de-trabajo-1-1.png","datePublished":"2022-04-12T22:12:13+00:00","dateModified":"2024-01-18T23:29:37+00:00","breadcrumb":{"@id":"https:\/\/saludat.net\/index.php\/producto\/nutrialimentacion\/#breadcrumb"},"inLanguage":"es-CO","potentialAction":[{"@type":"ReadAction","target":["https:\/\/saludat.net\/index.php\/producto\/nutrialimentacion\/"]}]},{"@type":"ImageObject","inLanguage":"es-CO","@id":"https:\/\/saludat.net\/index.php\/producto\/nutrialimentacion\/#primaryimage","url":"https:\/\/saludat.net\/wp-content\/uploads\/2022\/12\/Mesa-de-trabajo-1-1.png","contentUrl":"https:\/\/saludat.net\/wp-content\/uploads\/2022\/12\/Mesa-de-trabajo-1-1.png","width":1920,"height":1920},{"@type":"BreadcrumbList","@id":"https:\/\/saludat.net\/index.php\/producto\/nutrialimentacion\/#breadcrumb","itemListElement":[{"@type":"ListItem","position":1,"name":"Home","item":"https:\/\/saludat.net\/"},{"@type":"ListItem","position":2,"name":"Products","item":"https:\/\/saludat.net\/index.php\/shop\/"},{"@type":"ListItem","position":3,"name":"Curso Nutrialimentaci\u00f3n"}]},{"@type":"WebSite","@id":"https:\/\/saludat.net\/#website","url":"https:\/\/saludat.net\/","name":"SaludAT","description":"Nutrici\u00f3n Holistica ","publisher":{"@id":"https:\/\/saludat.net\/#organization"},"potentialAction":[{"@type":"SearchAction","target":{"@type":"EntryPoint","urlTemplate":"https:\/\/saludat.net\/?s={search_term_string}"},"query-input":{"@type":"PropertyValueSpecification","valueRequired":true,"valueName":"search_term_string"}}],"inLanguage":"es-CO"},{"@type":"Organization","@id":"https:\/\/saludat.net\/#organization","name":"SaludAT","url":"https:\/\/saludat.net\/","logo":{"@type":"ImageObject","inLanguage":"es-CO","@id":"https:\/\/saludat.net\/#\/schema\/logo\/image\/","url":"https:\/\/saludat.net\/wp-content\/uploads\/2025\/02\/cropped-sIMBOLO.png","contentUrl":"https:\/\/saludat.net\/wp-content\/uploads\/2025\/02\/cropped-sIMBOLO.png","width":889,"height":1001,"caption":"SaludAT"},"image":{"@id":"https:\/\/saludat.net\/#\/schema\/logo\/image\/"}}]}},"_links":{"self":[{"href":"https:\/\/saludat.net\/index.php\/wp-json\/wp\/v2\/product\/756","targetHints":{"allow":["GET"]}}],"collection":[{"href":"https:\/\/saludat.net\/index.php\/wp-json\/wp\/v2\/product"}],"about":[{"href":"https:\/\/saludat.net\/index.php\/wp-json\/wp\/v2\/types\/product"}],"replies":[{"embeddable":true,"href":"https:\/\/saludat.net\/index.php\/wp-json\/wp\/v2\/comments?post=756"}],"wp:featuredmedia":[{"embeddable":true,"href":"https:\/\/saludat.net\/index.php\/wp-json\/wp\/v2\/media\/3735"}],"wp:attachment":[{"href":"https:\/\/saludat.net\/index.php\/wp-json\/wp\/v2\/media?parent=756"}],"wp:term":[{"taxonomy":"product_brand","embeddable":true,"href":"https:\/\/saludat.net\/index.php\/wp-json\/wp\/v2\/product_brand?post=756"},{"taxonomy":"product_cat","embeddable":true,"href":"https:\/\/saludat.net\/index.php\/wp-json\/wp\/v2\/product_cat?post=756"},{"taxonomy":"product_tag","embeddable":true,"href":"https:\/\/saludat.net\/index.php\/wp-json\/wp\/v2\/product_tag?post=756"}],"curies":[{"name":"wp","href":"https:\/\/api.w.org\/{rel}","templated":true}]}}