{"id":6,"date":"2022-03-07T06:19:52","date_gmt":"2022-03-07T06:19:52","guid":{"rendered":"https:\/\/saludat.net\/index.php\/cart\/"},"modified":"2025-06-26T18:37:59","modified_gmt":"2025-06-26T18:37:59","slug":"cart","status":"publish","type":"page","link":"https:\/\/saludat.net\/index.php\/cart\/","title":{"rendered":"Carrito"},"content":{"rendered":"\t\t<div data-elementor-type=\"wp-page\" data-elementor-id=\"6\" class=\"elementor elementor-6\" data-elementor-post-type=\"page\">\n\t\t\t\t\t\t<section class=\"elementor-section elementor-top-section elementor-element elementor-element-5149d990 elementor-section-boxed elementor-section-height-default elementor-section-height-default\" data-id=\"5149d990\" data-element_type=\"section\" data-e-type=\"section\">\n\t\t\t\t\t\t<div class=\"elementor-container elementor-column-gap-default\">\n\t\t\t\t\t<div class=\"elementor-column elementor-col-100 elementor-top-column elementor-element elementor-element-5ed72927\" data-id=\"5ed72927\" data-element_type=\"column\" data-e-type=\"column\">\n\t\t\t<div class=\"elementor-widget-wrap elementor-element-populated\">\n\t\t\t\t\t\t\t<\/div>\n\t\t<\/div>\n\t\t\t\t\t<\/div>\n\t\t<\/section>\n\t\t\t\t<\/div>\n\t\t","protected":false},"excerpt":{"rendered":"<p>Eliminar art\u00edculo Imagen en miniatura Producto Precio Cantidad Subtotal &times; Curso Nutrialimentaci\u00f3n &#36;25 Curso Nutrialimentaci\u00f3n cantidad &#36;25 Aplicar Cup\u00f3n Total de la compra Subtotal &#36;25 Total &#36;25 Proceder al pago<\/p>\n","protected":false},"author":1,"featured_media":0,"parent":0,"menu_order":0,"comment_status":"closed","ping_status":"closed","template":"elementor_canvas","meta":{"footnotes":""},"class_list":["post-6","page","type-page","status-publish","hentry"],"yoast_head":"<!-- This site is optimized with the Yoast SEO plugin v27.4 - https:\/\/yoast.com\/product\/yoast-seo-wordpress\/ -->\n<title>Carrito - SaludAT<\/title>\n<meta name=\"robots\" content=\"index, follow, max-snippet:-1, max-image-preview:large, max-video-preview:-1\" \/>\n<link rel=\"canonical\" href=\"https:\/\/saludat.net\/index.php\/cart\/\" \/>\n<meta property=\"og:locale\" content=\"es_ES\" \/>\n<meta property=\"og:type\" content=\"article\" \/>\n<meta property=\"og:title\" content=\"Carrito - SaludAT\" \/>\n<meta property=\"og:description\" content=\"Eliminar art\u00edculo Imagen en miniatura Producto Precio Cantidad Subtotal &times; Curso Nutrialimentaci\u00f3n &#036;25 Curso Nutrialimentaci\u00f3n cantidad &#036;25 Aplicar Cup\u00f3n Total de la compra Subtotal &#036;25 Total &#036;25 Proceder al pago\" \/>\n<meta property=\"og:url\" content=\"https:\/\/saludat.net\/index.php\/cart\/\" \/>\n<meta property=\"og:site_name\" content=\"SaludAT\" \/>\n<meta property=\"article:modified_time\" content=\"2025-06-26T18:37:59+00:00\" \/>\n<meta property=\"og:image\" content=\"http:\/\/saludat.net\/wp-content\/uploads\/2022\/12\/Mesa-de-trabajo-1-1-300x300.png\" \/>\n<meta name=\"twitter:card\" content=\"summary_large_image\" \/>\n<meta name=\"twitter:label1\" content=\"Tiempo de lectura\" \/>\n\t<meta name=\"twitter:data1\" content=\"1 minuto\" \/>\n<script type=\"application\/ld+json\" class=\"yoast-schema-graph\">{\"@context\":\"https:\\\/\\\/schema.org\",\"@graph\":[{\"@type\":\"WebPage\",\"@id\":\"https:\\\/\\\/saludat.net\\\/index.php\\\/cart\\\/\",\"url\":\"https:\\\/\\\/saludat.net\\\/index.php\\\/cart\\\/\",\"name\":\"Carrito - SaludAT\",\"isPartOf\":{\"@id\":\"https:\\\/\\\/saludat.net\\\/#website\"},\"primaryImageOfPage\":{\"@id\":\"https:\\\/\\\/saludat.net\\\/index.php\\\/cart\\\/#primaryimage\"},\"image\":{\"@id\":\"https:\\\/\\\/saludat.net\\\/index.php\\\/cart\\\/#primaryimage\"},\"thumbnailUrl\":\"http:\\\/\\\/saludat.net\\\/wp-content\\\/uploads\\\/2022\\\/12\\\/Mesa-de-trabajo-1-1-300x300.png\",\"datePublished\":\"2022-03-07T06:19:52+00:00\",\"dateModified\":\"2025-06-26T18:37:59+00:00\",\"breadcrumb\":{\"@id\":\"https:\\\/\\\/saludat.net\\\/index.php\\\/cart\\\/#breadcrumb\"},\"inLanguage\":\"es-CO\",\"potentialAction\":[{\"@type\":\"ReadAction\",\"target\":[\"https:\\\/\\\/saludat.net\\\/index.php\\\/cart\\\/\"]}]},{\"@type\":\"ImageObject\",\"inLanguage\":\"es-CO\",\"@id\":\"https:\\\/\\\/saludat.net\\\/index.php\\\/cart\\\/#primaryimage\",\"url\":\"http:\\\/\\\/saludat.net\\\/wp-content\\\/uploads\\\/2022\\\/12\\\/Mesa-de-trabajo-1-1-300x300.png\",\"contentUrl\":\"http:\\\/\\\/saludat.net\\\/wp-content\\\/uploads\\\/2022\\\/12\\\/Mesa-de-trabajo-1-1-300x300.png\"},{\"@type\":\"BreadcrumbList\",\"@id\":\"https:\\\/\\\/saludat.net\\\/index.php\\\/cart\\\/#breadcrumb\",\"itemListElement\":[{\"@type\":\"ListItem\",\"position\":1,\"name\":\"Home\",\"item\":\"https:\\\/\\\/saludat.net\\\/\"},{\"@type\":\"ListItem\",\"position\":2,\"name\":\"Carrito\"}]},{\"@type\":\"WebSite\",\"@id\":\"https:\\\/\\\/saludat.net\\\/#website\",\"url\":\"https:\\\/\\\/saludat.net\\\/\",\"name\":\"SaludAT\",\"description\":\"Nutrici\u00f3n Holistica \",\"publisher\":{\"@id\":\"https:\\\/\\\/saludat.net\\\/#organization\"},\"potentialAction\":[{\"@type\":\"SearchAction\",\"target\":{\"@type\":\"EntryPoint\",\"urlTemplate\":\"https:\\\/\\\/saludat.net\\\/?s={search_term_string}\"},\"query-input\":{\"@type\":\"PropertyValueSpecification\",\"valueRequired\":true,\"valueName\":\"search_term_string\"}}],\"inLanguage\":\"es-CO\"},{\"@type\":\"Organization\",\"@id\":\"https:\\\/\\\/saludat.net\\\/#organization\",\"name\":\"SaludAT\",\"url\":\"https:\\\/\\\/saludat.net\\\/\",\"logo\":{\"@type\":\"ImageObject\",\"inLanguage\":\"es-CO\",\"@id\":\"https:\\\/\\\/saludat.net\\\/#\\\/schema\\\/logo\\\/image\\\/\",\"url\":\"https:\\\/\\\/saludat.net\\\/wp-content\\\/uploads\\\/2025\\\/02\\\/cropped-sIMBOLO.png\",\"contentUrl\":\"https:\\\/\\\/saludat.net\\\/wp-content\\\/uploads\\\/2025\\\/02\\\/cropped-sIMBOLO.png\",\"width\":889,\"height\":1001,\"caption\":\"SaludAT\"},\"image\":{\"@id\":\"https:\\\/\\\/saludat.net\\\/#\\\/schema\\\/logo\\\/image\\\/\"}}]}<\/script>\n<!-- \/ Yoast SEO plugin. -->","yoast_head_json":{"title":"Carrito - SaludAT","robots":{"index":"index","follow":"follow","max-snippet":"max-snippet:-1","max-image-preview":"max-image-preview:large","max-video-preview":"max-video-preview:-1"},"canonical":"https:\/\/saludat.net\/index.php\/cart\/","og_locale":"es_ES","og_type":"article","og_title":"Carrito - SaludAT","og_description":"Eliminar art\u00edculo Imagen en miniatura Producto Precio Cantidad Subtotal &times; Curso Nutrialimentaci\u00f3n &#36;25 Curso Nutrialimentaci\u00f3n cantidad &#36;25 Aplicar Cup\u00f3n Total de la compra Subtotal &#36;25 Total &#36;25 Proceder al pago","og_url":"https:\/\/saludat.net\/index.php\/cart\/","og_site_name":"SaludAT","article_modified_time":"2025-06-26T18:37:59+00:00","og_image":[{"url":"http:\/\/saludat.net\/wp-content\/uploads\/2022\/12\/Mesa-de-trabajo-1-1-300x300.png","type":"","width":"","height":""}],"twitter_card":"summary_large_image","twitter_misc":{"Tiempo de lectura":"1 minuto"},"schema":{"@context":"https:\/\/schema.org","@graph":[{"@type":"WebPage","@id":"https:\/\/saludat.net\/index.php\/cart\/","url":"https:\/\/saludat.net\/index.php\/cart\/","name":"Carrito - SaludAT","isPartOf":{"@id":"https:\/\/saludat.net\/#website"},"primaryImageOfPage":{"@id":"https:\/\/saludat.net\/index.php\/cart\/#primaryimage"},"image":{"@id":"https:\/\/saludat.net\/index.php\/cart\/#primaryimage"},"thumbnailUrl":"http:\/\/saludat.net\/wp-content\/uploads\/2022\/12\/Mesa-de-trabajo-1-1-300x300.png","datePublished":"2022-03-07T06:19:52+00:00","dateModified":"2025-06-26T18:37:59+00:00","breadcrumb":{"@id":"https:\/\/saludat.net\/index.php\/cart\/#breadcrumb"},"inLanguage":"es-CO","potentialAction":[{"@type":"ReadAction","target":["https:\/\/saludat.net\/index.php\/cart\/"]}]},{"@type":"ImageObject","inLanguage":"es-CO","@id":"https:\/\/saludat.net\/index.php\/cart\/#primaryimage","url":"http:\/\/saludat.net\/wp-content\/uploads\/2022\/12\/Mesa-de-trabajo-1-1-300x300.png","contentUrl":"http:\/\/saludat.net\/wp-content\/uploads\/2022\/12\/Mesa-de-trabajo-1-1-300x300.png"},{"@type":"BreadcrumbList","@id":"https:\/\/saludat.net\/index.php\/cart\/#breadcrumb","itemListElement":[{"@type":"ListItem","position":1,"name":"Home","item":"https:\/\/saludat.net\/"},{"@type":"ListItem","position":2,"name":"Carrito"}]},{"@type":"WebSite","@id":"https:\/\/saludat.net\/#website","url":"https:\/\/saludat.net\/","name":"SaludAT","description":"Nutrici\u00f3n Holistica ","publisher":{"@id":"https:\/\/saludat.net\/#organization"},"potentialAction":[{"@type":"SearchAction","target":{"@type":"EntryPoint","urlTemplate":"https:\/\/saludat.net\/?s={search_term_string}"},"query-input":{"@type":"PropertyValueSpecification","valueRequired":true,"valueName":"search_term_string"}}],"inLanguage":"es-CO"},{"@type":"Organization","@id":"https:\/\/saludat.net\/#organization","name":"SaludAT","url":"https:\/\/saludat.net\/","logo":{"@type":"ImageObject","inLanguage":"es-CO","@id":"https:\/\/saludat.net\/#\/schema\/logo\/image\/","url":"https:\/\/saludat.net\/wp-content\/uploads\/2025\/02\/cropped-sIMBOLO.png","contentUrl":"https:\/\/saludat.net\/wp-content\/uploads\/2025\/02\/cropped-sIMBOLO.png","width":889,"height":1001,"caption":"SaludAT"},"image":{"@id":"https:\/\/saludat.net\/#\/schema\/logo\/image\/"}}]}},"_links":{"self":[{"href":"https:\/\/saludat.net\/index.php\/wp-json\/wp\/v2\/pages\/6","targetHints":{"allow":["GET"]}}],"collection":[{"href":"https:\/\/saludat.net\/index.php\/wp-json\/wp\/v2\/pages"}],"about":[{"href":"https:\/\/saludat.net\/index.php\/wp-json\/wp\/v2\/types\/page"}],"author":[{"embeddable":true,"href":"https:\/\/saludat.net\/index.php\/wp-json\/wp\/v2\/users\/1"}],"replies":[{"embeddable":true,"href":"https:\/\/saludat.net\/index.php\/wp-json\/wp\/v2\/comments?post=6"}],"version-history":[{"count":53,"href":"https:\/\/saludat.net\/index.php\/wp-json\/wp\/v2\/pages\/6\/revisions"}],"predecessor-version":[{"id":5104,"href":"https:\/\/saludat.net\/index.php\/wp-json\/wp\/v2\/pages\/6\/revisions\/5104"}],"wp:attachment":[{"href":"https:\/\/saludat.net\/index.php\/wp-json\/wp\/v2\/media?parent=6"}],"curies":[{"name":"wp","href":"https:\/\/api.w.org\/{rel}","templated":true}]}}