{"id":1589,"date":"2022-08-25T02:52:30","date_gmt":"2022-08-25T02:52:30","guid":{"rendered":"https:\/\/saludat.net\/?page_id=1589"},"modified":"2025-07-03T00:03:39","modified_gmt":"2025-07-03T00:03:39","slug":"recursos-gratis","status":"publish","type":"page","link":"https:\/\/saludat.net\/index.php\/informat__trashed\/recursos-gratis\/","title":{"rendered":""},"content":{"rendered":"\t\t<div data-elementor-type=\"wp-page\" data-elementor-id=\"1589\" class=\"elementor elementor-1589\" data-elementor-post-type=\"page\">\n\t\t\t\t\t\t<section class=\"elementor-section elementor-top-section elementor-element elementor-element-2f8d068 elementor-section-height-min-height elementor-section-items-stretch elementor-section-content-middle elementor-section-boxed elementor-section-height-default\" data-id=\"2f8d068\" data-element_type=\"section\" data-e-type=\"section\" data-settings=\"{&quot;background_background&quot;:&quot;classic&quot;}\">\n\t\t\t\t\t\t<div class=\"elementor-container elementor-column-gap-default\">\n\t\t\t\t\t<div class=\"elementor-column elementor-col-100 elementor-top-column elementor-element elementor-element-3f11f39\" data-id=\"3f11f39\" data-element_type=\"column\" data-e-type=\"column\">\n\t\t\t<div class=\"elementor-widget-wrap elementor-element-populated\">\n\t\t\t\t\t\t<div class=\"elementor-element elementor-element-2d26b47 elementor-headline--style-highlight elementor-widget elementor-widget-animated-headline\" data-id=\"2d26b47\" data-element_type=\"widget\" data-e-type=\"widget\" data-settings=\"{&quot;marker&quot;:&quot;strikethrough&quot;,&quot;highlighted_text&quot;:&quot;Gratis&quot;,&quot;headline_style&quot;:&quot;highlight&quot;,&quot;loop&quot;:&quot;yes&quot;,&quot;highlight_animation_duration&quot;:1200,&quot;highlight_iteration_delay&quot;:8000}\" data-widget_type=\"animated-headline.default\">\n\t\t\t\t<div class=\"elementor-widget-container\">\n\t\t\t\t\t\t\t<h1 class=\"elementor-headline\">\n\t\t\t\t\t<span class=\"elementor-headline-plain-text elementor-headline-text-wrapper\">Recursos<\/span>\n\t\t\t\t<span class=\"elementor-headline-dynamic-wrapper elementor-headline-text-wrapper\">\n\t\t\t\t\t<span class=\"elementor-headline-dynamic-text elementor-headline-text-active\">Gratis<\/span>\n\t\t\t\t<\/span>\n\t\t\t\t\t<span class=\"elementor-headline-plain-text elementor-headline-text-wrapper\">para informarnos<\/span>\n\t\t\t\t\t<\/h1>\n\t\t\t\t\t\t<\/div>\n\t\t\t\t<\/div>\n\t\t\t\t<section class=\"elementor-section elementor-inner-section elementor-element elementor-element-644ebd5 elementor-section-boxed elementor-section-height-default elementor-section-height-default\" data-id=\"644ebd5\" data-element_type=\"section\" data-e-type=\"section\">\n\t\t\t\t\t\t<div class=\"elementor-container elementor-column-gap-default\">\n\t\t\t\t\t<div class=\"elementor-column elementor-col-25 elementor-inner-column elementor-element elementor-element-6ea9a54\" data-id=\"6ea9a54\" data-element_type=\"column\" data-e-type=\"column\">\n\t\t\t<div class=\"elementor-widget-wrap elementor-element-populated\">\n\t\t\t\t\t\t<div class=\"elementor-element elementor-element-c2d8218 elementor-cta--layout-image-above elementor-cta--valign-top elementor-cta--skin-classic elementor-animated-content elementor-bg-transform elementor-bg-transform-zoom-in elementor-widget elementor-widget-call-to-action\" data-id=\"c2d8218\" data-element_type=\"widget\" data-e-type=\"widget\" data-widget_type=\"call-to-action.default\">\n\t\t\t\t<div class=\"elementor-widget-container\">\n\t\t\t\t\t\t\t<div class=\"elementor-cta\">\n\t\t\t\t\t<div class=\"elementor-cta__bg-wrapper\">\n\t\t\t\t<div class=\"elementor-cta__bg elementor-bg\" style=\"background-image: url(https:\/\/saludat.net\/wp-content\/uploads\/2025\/06\/Image_fx-2.png);\" role=\"img\" aria-label=\"Image_fx (2)\"><\/div>\n\t\t\t\t<div class=\"elementor-cta__bg-overlay\"><\/div>\n\t\t\t<\/div>\n\t\t\t\t\t\t\t<div class=\"elementor-cta__content\">\n\t\t\t\t\n\t\t\t\t\t\t\t\t\t<h2 class=\"elementor-cta__title elementor-cta__content-item elementor-content-item\">\n\t\t\t\t\t\tBienestar para mujeres de 40 a\u00f1os y m\u00e1s\t\t\t\t\t<\/h2>\n\t\t\t\t\n\t\t\t\t\t\t\t\t\t<div class=\"elementor-cta__description elementor-cta__content-item elementor-content-item\">\n\t\t\t\t\t\tIncluye consejos para la menopausia, ejercicios de fuerza, alimentaci\u00f3n consciente y claves para recuperar energ\u00eda, vitalidad y bienestar integral en esta nueva etapa.\t\t\t\t\t<\/div>\n\t\t\t\t\n\t\t\t\t\t\t\t\t\t<div class=\"elementor-cta__button-wrapper elementor-cta__content-item elementor-content-item \">\n\t\t\t\t\t<a class=\"elementor-cta__button elementor-button elementor-size-\" href=\"http:\/\/saludat.net\/wp-content\/uploads\/2025\/07\/Ebook-Bienestar-para-mujeres-de-40-anos-y-mas-Free.pdf\">\n\t\t\t\t\t\tDescargar Gr\u00e1tis \t\t\t\t\t<\/a>\n\t\t\t\t\t<\/div>\n\t\t\t\t\t\t\t<\/div>\n\t\t\t\t\t\t<\/div>\n\t\t\t\t\t\t<\/div>\n\t\t\t\t<\/div>\n\t\t\t\t\t<\/div>\n\t\t<\/div>\n\t\t\t\t<div class=\"elementor-column elementor-col-25 elementor-inner-column elementor-element elementor-element-d07c29f\" data-id=\"d07c29f\" data-element_type=\"column\" data-e-type=\"column\">\n\t\t\t<div class=\"elementor-widget-wrap elementor-element-populated\">\n\t\t\t\t\t\t<div class=\"elementor-element elementor-element-2cadc22 elementor-cta--layout-image-above elementor-cta--valign-bottom elementor-cta--skin-classic elementor-animated-content elementor-bg-transform elementor-bg-transform-zoom-in elementor-widget elementor-widget-call-to-action\" data-id=\"2cadc22\" data-element_type=\"widget\" data-e-type=\"widget\" data-widget_type=\"call-to-action.default\">\n\t\t\t\t<div class=\"elementor-widget-container\">\n\t\t\t\t\t\t\t<div class=\"elementor-cta\">\n\t\t\t\t\t<div class=\"elementor-cta__bg-wrapper\">\n\t\t\t\t<div class=\"elementor-cta__bg elementor-bg\" style=\"background-image: url(https:\/\/saludat.net\/wp-content\/uploads\/2025\/06\/Image_fx-4.png);\" role=\"img\" aria-label=\"Image_fx (4)\"><\/div>\n\t\t\t\t<div class=\"elementor-cta__bg-overlay\"><\/div>\n\t\t\t<\/div>\n\t\t\t\t\t\t\t<div class=\"elementor-cta__content\">\n\t\t\t\t\n\t\t\t\t\t\t\t\t\t<h2 class=\"elementor-cta__title elementor-cta__content-item elementor-content-item\">\n\t\t\t\t\t\tManejo del cortisol\t\t\t\t\t<\/h2>\n\t\t\t\t\n\t\t\t\t\t\t\t\t\t<div class=\"elementor-cta__description elementor-cta__content-item elementor-content-item\">\n\t\t\t\t\t\tConoce c\u00f3mo el cortisol impacta tu cuerpo, tus emociones y tu bienestar. En esta gu\u00eda descubrir\u00e1s herramientas simples y efectivas para regular tu estr\u00e9s, mejorar tu descanso y sentirte m\u00e1s vital cada d\u00eda.\t\t\t\t\t<\/div>\n\t\t\t\t\n\t\t\t\t\t\t\t\t\t<div class=\"elementor-cta__button-wrapper elementor-cta__content-item elementor-content-item \">\n\t\t\t\t\t<a class=\"elementor-cta__button elementor-button elementor-size-\">\n\t\t\t\t\t\tPr\u00f3ximamente\t\t\t\t\t<\/a>\n\t\t\t\t\t<\/div>\n\t\t\t\t\t\t\t<\/div>\n\t\t\t\t\t\t<\/div>\n\t\t\t\t\t\t<\/div>\n\t\t\t\t<\/div>\n\t\t\t\t\t<\/div>\n\t\t<\/div>\n\t\t\t\t<div class=\"elementor-column elementor-col-25 elementor-inner-column elementor-element elementor-element-5330664\" data-id=\"5330664\" data-element_type=\"column\" data-e-type=\"column\">\n\t\t\t<div class=\"elementor-widget-wrap elementor-element-populated\">\n\t\t\t\t\t\t<div class=\"elementor-element elementor-element-6ef4460 elementor-cta--layout-image-above elementor-cta--valign-middle elementor-cta--skin-classic elementor-animated-content elementor-bg-transform elementor-bg-transform-zoom-in elementor-widget elementor-widget-call-to-action\" data-id=\"6ef4460\" data-element_type=\"widget\" data-e-type=\"widget\" data-widget_type=\"call-to-action.default\">\n\t\t\t\t<div class=\"elementor-widget-container\">\n\t\t\t\t\t\t\t<div class=\"elementor-cta\">\n\t\t\t\t\t<div class=\"elementor-cta__bg-wrapper\">\n\t\t\t\t<div class=\"elementor-cta__bg elementor-bg\" style=\"background-image: url(https:\/\/saludat.net\/wp-content\/uploads\/2025\/06\/Image_fx-5.png);\" role=\"img\" aria-label=\"Image_fx (5)\"><\/div>\n\t\t\t\t<div class=\"elementor-cta__bg-overlay\"><\/div>\n\t\t\t<\/div>\n\t\t\t\t\t\t\t<div class=\"elementor-cta__content\">\n\t\t\t\t\n\t\t\t\t\t\t\t\t\t<h2 class=\"elementor-cta__title elementor-cta__content-item elementor-content-item\">\n\t\t\t\t\t\tMenopausia con gracia\t\t\t\t\t<\/h2>\n\t\t\t\t\n\t\t\t\t\t\t\t\t\t<div class=\"elementor-cta__description elementor-cta__content-item elementor-content-item\">\n\t\t\t\t\t\tUna gu\u00eda sencilla y poderosa para acompa\u00f1arte en esta nueva etapa de vida. Descubre c\u00f3mo equilibrar tus hormonas de forma natural, mejorar tu bienestar f\u00edsico y emocional, y reconectar contigo desde la calma y la conciencia.\t\t\t\t\t<\/div>\n\t\t\t\t\n\t\t\t\t\t\t\t\t\t<div class=\"elementor-cta__button-wrapper elementor-cta__content-item elementor-content-item \">\n\t\t\t\t\t<a class=\"elementor-cta__button elementor-button elementor-size-\">\n\t\t\t\t\t\tPr\u00f3ximamente\t\t\t\t\t<\/a>\n\t\t\t\t\t<\/div>\n\t\t\t\t\t\t\t<\/div>\n\t\t\t\t\t\t<\/div>\n\t\t\t\t\t\t<\/div>\n\t\t\t\t<\/div>\n\t\t\t\t\t<\/div>\n\t\t<\/div>\n\t\t\t\t<div class=\"elementor-column elementor-col-25 elementor-inner-column elementor-element elementor-element-e725bba\" data-id=\"e725bba\" data-element_type=\"column\" data-e-type=\"column\">\n\t\t\t<div class=\"elementor-widget-wrap elementor-element-populated\">\n\t\t\t\t\t\t<div class=\"elementor-element elementor-element-09872a8 elementor-cta--layout-image-above elementor-cta--valign-middle elementor-cta--skin-classic elementor-animated-content elementor-bg-transform elementor-bg-transform-zoom-in elementor-widget elementor-widget-call-to-action\" data-id=\"09872a8\" data-element_type=\"widget\" data-e-type=\"widget\" data-widget_type=\"call-to-action.default\">\n\t\t\t\t<div class=\"elementor-widget-container\">\n\t\t\t\t\t\t\t<div class=\"elementor-cta\">\n\t\t\t\t\t<div class=\"elementor-cta__bg-wrapper\">\n\t\t\t\t<div class=\"elementor-cta__bg elementor-bg\" style=\"background-image: url(https:\/\/saludat.net\/wp-content\/uploads\/2025\/06\/Image_fx-6.png);\" role=\"img\" aria-label=\"Image_fx (6)\"><\/div>\n\t\t\t\t<div class=\"elementor-cta__bg-overlay\"><\/div>\n\t\t\t<\/div>\n\t\t\t\t\t\t\t<div class=\"elementor-cta__content\">\n\t\t\t\t\n\t\t\t\t\t\t\t\t\t<h2 class=\"elementor-cta__title elementor-cta__content-item elementor-content-item\">\n\t\t\t\t\t\tEquilibrio hormonal\t\t\t\t\t<\/h2>\n\t\t\t\t\n\t\t\t\t\t\t\t\t\t<div class=\"elementor-cta__description elementor-cta__content-item elementor-content-item\">\n\t\t\t\t\t\tConoce las claves para regular tus hormonas de forma natural: alimentaci\u00f3n, h\u00e1bitos diarios, suplementos y bienestar emocional.\t\t\t\t\t<\/div>\n\t\t\t\t\n\t\t\t\t\t\t\t\t\t<div class=\"elementor-cta__button-wrapper elementor-cta__content-item elementor-content-item \">\n\t\t\t\t\t<a class=\"elementor-cta__button elementor-button elementor-size-\">\n\t\t\t\t\t\tPr\u00f3ximamente\t\t\t\t\t<\/a>\n\t\t\t\t\t<\/div>\n\t\t\t\t\t\t\t<\/div>\n\t\t\t\t\t\t<\/div>\n\t\t\t\t\t\t<\/div>\n\t\t\t\t<\/div>\n\t\t\t\t\t<\/div>\n\t\t<\/div>\n\t\t\t\t\t<\/div>\n\t\t<\/section>\n\t\t\t\t\t<\/div>\n\t\t<\/div>\n\t\t\t\t\t<\/div>\n\t\t<\/section>\n\t\t\t\t<\/div>\n\t\t","protected":false},"excerpt":{"rendered":"<p>Recursos Gratis para informarnos Bienestar para mujeres de 40 a\u00f1os y m\u00e1s Incluye consejos para la menopausia, ejercicios de fuerza, alimentaci\u00f3n consciente y claves para recuperar energ\u00eda, vitalidad y bienestar integral en esta nueva etapa. Descargar Gr\u00e1tis Manejo del cortisol Conoce c\u00f3mo el cortisol impacta tu cuerpo, tus emociones y tu bienestar. En esta gu\u00eda [&hellip;]<\/p>\n","protected":false},"author":1,"featured_media":0,"parent":2453,"menu_order":0,"comment_status":"closed","ping_status":"closed","template":"","meta":{"footnotes":""},"class_list":["post-1589","page","type-page","status-publish","hentry"],"yoast_head":"<!-- This site is optimized with the Yoast SEO plugin v27.4 - https:\/\/yoast.com\/product\/yoast-seo-wordpress\/ -->\n<title>- SaludAT<\/title>\n<meta name=\"robots\" content=\"index, follow, max-snippet:-1, max-image-preview:large, max-video-preview:-1\" \/>\n<link rel=\"canonical\" href=\"https:\/\/saludat.net\/index.php\/informat__trashed\/recursos-gratis\/\" \/>\n<meta property=\"og:locale\" content=\"es_ES\" \/>\n<meta property=\"og:type\" content=\"article\" \/>\n<meta property=\"og:title\" content=\"- SaludAT\" \/>\n<meta property=\"og:description\" content=\"Recursos Gratis para informarnos Bienestar para mujeres de 40 a\u00f1os y m\u00e1s Incluye consejos para la menopausia, ejercicios de fuerza, alimentaci\u00f3n consciente y claves para recuperar energ\u00eda, vitalidad y bienestar integral en esta nueva etapa. Descargar Gr\u00e1tis Manejo del cortisol Conoce c\u00f3mo el cortisol impacta tu cuerpo, tus emociones y tu bienestar. En esta gu\u00eda [&hellip;]\" \/>\n<meta property=\"og:url\" content=\"https:\/\/saludat.net\/index.php\/informat__trashed\/recursos-gratis\/\" \/>\n<meta property=\"og:site_name\" content=\"SaludAT\" \/>\n<meta property=\"article:modified_time\" content=\"2025-07-03T00:03:39+00:00\" \/>\n<meta name=\"twitter:card\" content=\"summary_large_image\" \/>\n<meta name=\"twitter:label1\" content=\"Tiempo de lectura\" \/>\n\t<meta name=\"twitter:data1\" content=\"1 minuto\" \/>\n<script type=\"application\/ld+json\" class=\"yoast-schema-graph\">{\"@context\":\"https:\\\/\\\/schema.org\",\"@graph\":[{\"@type\":\"WebPage\",\"@id\":\"https:\\\/\\\/saludat.net\\\/index.php\\\/informat__trashed\\\/recursos-gratis\\\/\",\"url\":\"https:\\\/\\\/saludat.net\\\/index.php\\\/informat__trashed\\\/recursos-gratis\\\/\",\"name\":\"- SaludAT\",\"isPartOf\":{\"@id\":\"https:\\\/\\\/saludat.net\\\/#website\"},\"datePublished\":\"2022-08-25T02:52:30+00:00\",\"dateModified\":\"2025-07-03T00:03:39+00:00\",\"breadcrumb\":{\"@id\":\"https:\\\/\\\/saludat.net\\\/index.php\\\/informat__trashed\\\/recursos-gratis\\\/#breadcrumb\"},\"inLanguage\":\"es-CO\",\"potentialAction\":[{\"@type\":\"ReadAction\",\"target\":[\"https:\\\/\\\/saludat.net\\\/index.php\\\/informat__trashed\\\/recursos-gratis\\\/\"]}]},{\"@type\":\"BreadcrumbList\",\"@id\":\"https:\\\/\\\/saludat.net\\\/index.php\\\/informat__trashed\\\/recursos-gratis\\\/#breadcrumb\",\"itemListElement\":[{\"@type\":\"ListItem\",\"position\":1,\"name\":\"Home\",\"item\":\"https:\\\/\\\/saludat.net\\\/\"},{\"@type\":\"ListItem\",\"position\":2,\"name\":\"InformAT\",\"item\":\"https:\\\/\\\/saludat.net\\\/?page_id=2453\"}]},{\"@type\":\"WebSite\",\"@id\":\"https:\\\/\\\/saludat.net\\\/#website\",\"url\":\"https:\\\/\\\/saludat.net\\\/\",\"name\":\"SaludAT\",\"description\":\"Nutrici\u00f3n Holistica \",\"publisher\":{\"@id\":\"https:\\\/\\\/saludat.net\\\/#organization\"},\"potentialAction\":[{\"@type\":\"SearchAction\",\"target\":{\"@type\":\"EntryPoint\",\"urlTemplate\":\"https:\\\/\\\/saludat.net\\\/?s={search_term_string}\"},\"query-input\":{\"@type\":\"PropertyValueSpecification\",\"valueRequired\":true,\"valueName\":\"search_term_string\"}}],\"inLanguage\":\"es-CO\"},{\"@type\":\"Organization\",\"@id\":\"https:\\\/\\\/saludat.net\\\/#organization\",\"name\":\"SaludAT\",\"url\":\"https:\\\/\\\/saludat.net\\\/\",\"logo\":{\"@type\":\"ImageObject\",\"inLanguage\":\"es-CO\",\"@id\":\"https:\\\/\\\/saludat.net\\\/#\\\/schema\\\/logo\\\/image\\\/\",\"url\":\"https:\\\/\\\/saludat.net\\\/wp-content\\\/uploads\\\/2025\\\/02\\\/cropped-sIMBOLO.png\",\"contentUrl\":\"https:\\\/\\\/saludat.net\\\/wp-content\\\/uploads\\\/2025\\\/02\\\/cropped-sIMBOLO.png\",\"width\":889,\"height\":1001,\"caption\":\"SaludAT\"},\"image\":{\"@id\":\"https:\\\/\\\/saludat.net\\\/#\\\/schema\\\/logo\\\/image\\\/\"}}]}<\/script>\n<!-- \/ Yoast SEO plugin. -->","yoast_head_json":{"title":"- SaludAT","robots":{"index":"index","follow":"follow","max-snippet":"max-snippet:-1","max-image-preview":"max-image-preview:large","max-video-preview":"max-video-preview:-1"},"canonical":"https:\/\/saludat.net\/index.php\/informat__trashed\/recursos-gratis\/","og_locale":"es_ES","og_type":"article","og_title":"- SaludAT","og_description":"Recursos Gratis para informarnos Bienestar para mujeres de 40 a\u00f1os y m\u00e1s Incluye consejos para la menopausia, ejercicios de fuerza, alimentaci\u00f3n consciente y claves para recuperar energ\u00eda, vitalidad y bienestar integral en esta nueva etapa. Descargar Gr\u00e1tis Manejo del cortisol Conoce c\u00f3mo el cortisol impacta tu cuerpo, tus emociones y tu bienestar. En esta gu\u00eda [&hellip;]","og_url":"https:\/\/saludat.net\/index.php\/informat__trashed\/recursos-gratis\/","og_site_name":"SaludAT","article_modified_time":"2025-07-03T00:03:39+00:00","twitter_card":"summary_large_image","twitter_misc":{"Tiempo de lectura":"1 minuto"},"schema":{"@context":"https:\/\/schema.org","@graph":[{"@type":"WebPage","@id":"https:\/\/saludat.net\/index.php\/informat__trashed\/recursos-gratis\/","url":"https:\/\/saludat.net\/index.php\/informat__trashed\/recursos-gratis\/","name":"- SaludAT","isPartOf":{"@id":"https:\/\/saludat.net\/#website"},"datePublished":"2022-08-25T02:52:30+00:00","dateModified":"2025-07-03T00:03:39+00:00","breadcrumb":{"@id":"https:\/\/saludat.net\/index.php\/informat__trashed\/recursos-gratis\/#breadcrumb"},"inLanguage":"es-CO","potentialAction":[{"@type":"ReadAction","target":["https:\/\/saludat.net\/index.php\/informat__trashed\/recursos-gratis\/"]}]},{"@type":"BreadcrumbList","@id":"https:\/\/saludat.net\/index.php\/informat__trashed\/recursos-gratis\/#breadcrumb","itemListElement":[{"@type":"ListItem","position":1,"name":"Home","item":"https:\/\/saludat.net\/"},{"@type":"ListItem","position":2,"name":"InformAT","item":"https:\/\/saludat.net\/?page_id=2453"}]},{"@type":"WebSite","@id":"https:\/\/saludat.net\/#website","url":"https:\/\/saludat.net\/","name":"SaludAT","description":"Nutrici\u00f3n Holistica ","publisher":{"@id":"https:\/\/saludat.net\/#organization"},"potentialAction":[{"@type":"SearchAction","target":{"@type":"EntryPoint","urlTemplate":"https:\/\/saludat.net\/?s={search_term_string}"},"query-input":{"@type":"PropertyValueSpecification","valueRequired":true,"valueName":"search_term_string"}}],"inLanguage":"es-CO"},{"@type":"Organization","@id":"https:\/\/saludat.net\/#organization","name":"SaludAT","url":"https:\/\/saludat.net\/","logo":{"@type":"ImageObject","inLanguage":"es-CO","@id":"https:\/\/saludat.net\/#\/schema\/logo\/image\/","url":"https:\/\/saludat.net\/wp-content\/uploads\/2025\/02\/cropped-sIMBOLO.png","contentUrl":"https:\/\/saludat.net\/wp-content\/uploads\/2025\/02\/cropped-sIMBOLO.png","width":889,"height":1001,"caption":"SaludAT"},"image":{"@id":"https:\/\/saludat.net\/#\/schema\/logo\/image\/"}}]}},"_links":{"self":[{"href":"https:\/\/saludat.net\/index.php\/wp-json\/wp\/v2\/pages\/1589","targetHints":{"allow":["GET"]}}],"collection":[{"href":"https:\/\/saludat.net\/index.php\/wp-json\/wp\/v2\/pages"}],"about":[{"href":"https:\/\/saludat.net\/index.php\/wp-json\/wp\/v2\/types\/page"}],"author":[{"embeddable":true,"href":"https:\/\/saludat.net\/index.php\/wp-json\/wp\/v2\/users\/1"}],"replies":[{"embeddable":true,"href":"https:\/\/saludat.net\/index.php\/wp-json\/wp\/v2\/comments?post=1589"}],"version-history":[{"count":115,"href":"https:\/\/saludat.net\/index.php\/wp-json\/wp\/v2\/pages\/1589\/revisions"}],"predecessor-version":[{"id":5239,"href":"https:\/\/saludat.net\/index.php\/wp-json\/wp\/v2\/pages\/1589\/revisions\/5239"}],"up":[{"embeddable":true,"href":"https:\/\/saludat.net\/index.php\/wp-json\/wp\/v2\/pages\/2453"}],"wp:attachment":[{"href":"https:\/\/saludat.net\/index.php\/wp-json\/wp\/v2\/media?parent=1589"}],"curies":[{"name":"wp","href":"https:\/\/api.w.org\/{rel}","templated":true}]}}